{"id":1138,"date":"2026-02-25T13:29:59","date_gmt":"2026-02-25T18:29:59","guid":{"rendered":"https:\/\/web.paybills.ec\/?page_id=1138"},"modified":"2026-02-25T13:53:53","modified_gmt":"2026-02-25T18:53:53","slug":"politica-de-privacidad","status":"publish","type":"page","link":"https:\/\/web.paybills.ec\/?page_id=1138","title":{"rendered":"Pol\u00edtica de privacidad"},"content":{"rendered":"\t\t<div data-elementor-type=\"wp-page\" data-elementor-id=\"1138\" class=\"elementor elementor-1138\" data-elementor-post-type=\"page\">\n\t\t\t\t<div class=\"elementor-element elementor-element-c7e25fb e-con-full elementor-hidden-mobile e-flex e-con e-parent\" data-id=\"c7e25fb\" data-element_type=\"container\" data-settings=\"{&quot;background_background&quot;:&quot;classic&quot;}\">\n\t\t<div class=\"elementor-element elementor-element-118a304 e-flex e-con-boxed e-con e-child\" data-id=\"118a304\" data-element_type=\"container\">\n\t\t\t\t\t<div class=\"e-con-inner\">\n\t\t<div class=\"elementor-element elementor-element-c0dba4d e-con-full e-flex e-con e-child\" data-id=\"c0dba4d\" data-element_type=\"container\">\n\t\t\t\t<div class=\"elementor-element elementor-element-e558787 elementor-widget elementor-widget-text-editor\" data-id=\"e558787\" data-element_type=\"widget\" data-widget_type=\"text-editor.default\">\n\t\t\t\t\t\t\t\t\t<p>POL\u00cdTICAS PAYBILLS<\/p>\t\t\t\t\t\t\t\t<\/div>\n\t\t\t\t<div class=\"elementor-element elementor-element-4c4736d elementor-widget__width-inherit elementor-widget elementor-widget-heading\" data-id=\"4c4736d\" data-element_type=\"widget\" data-widget_type=\"heading.default\">\n\t\t\t\t\t<h1 class=\"elementor-heading-title elementor-size-default\">Transparencia y seguridad<\/h1>\t\t\t\t<\/div>\n\t\t\t\t<div class=\"elementor-element elementor-element-be26799 elementor-widget elementor-widget-text-editor\" data-id=\"be26799\" data-element_type=\"widget\" data-widget_type=\"text-editor.default\">\n\t\t\t\t\t\t\t\t\t<p>Estas son las pol\u00edticas que rigen el uso de PayBills y c\u00f3mo cuidamos tu informaci\u00f3n.<\/p>\t\t\t\t\t\t\t\t<\/div>\n\t\t\t\t<\/div>\n\t\t<div class=\"elementor-element elementor-element-786c861 e-con-full e-flex e-con e-child\" data-id=\"786c861\" data-element_type=\"container\">\n\t\t\t\t<\/div>\n\t\t\t\t\t<\/div>\n\t\t\t\t<\/div>\n\t\t\t\t<\/div>\n\t\t<div class=\"elementor-element elementor-element-c581b08 e-con-full elementor-hidden-desktop elementor-hidden-tablet e-flex e-con e-parent\" data-id=\"c581b08\" data-element_type=\"container\" data-settings=\"{&quot;background_background&quot;:&quot;classic&quot;}\">\n\t\t<div class=\"elementor-element elementor-element-2d7d14c e-flex e-con-boxed e-con e-child\" data-id=\"2d7d14c\" data-element_type=\"container\">\n\t\t\t\t\t<div class=\"e-con-inner\">\n\t\t<div class=\"elementor-element elementor-element-14b4b98 e-con-full e-flex e-con e-child\" data-id=\"14b4b98\" data-element_type=\"container\">\n\t\t\t\t<div class=\"elementor-element elementor-element-36f1124 elementor-widget elementor-widget-text-editor\" data-id=\"36f1124\" data-element_type=\"widget\" data-widget_type=\"text-editor.default\">\n\t\t\t\t\t\t\t\t\t<p>POL\u00cdTICAS PAYBILSS<\/p>\t\t\t\t\t\t\t\t<\/div>\n\t\t\t\t<div class=\"elementor-element elementor-element-63d219b elementor-widget__width-inherit elementor-widget elementor-widget-heading\" data-id=\"63d219b\" data-element_type=\"widget\" data-widget_type=\"heading.default\">\n\t\t\t\t\t<h1 class=\"elementor-heading-title elementor-size-default\">Transparencia y seguridad<\/h1>\t\t\t\t<\/div>\n\t\t\t\t<div class=\"elementor-element elementor-element-7e1b8e7 elementor-widget elementor-widget-text-editor\" data-id=\"7e1b8e7\" data-element_type=\"widget\" data-widget_type=\"text-editor.default\">\n\t\t\t\t\t\t\t\t\t<p>Estas son las pol\u00edticas que rigen el uso de PayBills y c\u00f3mo cuidamos tu informaci\u00f3n.<\/p>\t\t\t\t\t\t\t\t<\/div>\n\t\t\t\t<\/div>\n\t\t\t\t\t<\/div>\n\t\t\t\t<\/div>\n\t\t\t\t<\/div>\n\t\t<div class=\"elementor-element elementor-element-dff5f30 elementor-hidden-mobile e-flex e-con-boxed e-con e-parent\" data-id=\"dff5f30\" data-element_type=\"container\">\n\t\t\t\t\t<div class=\"e-con-inner\">\n\t\t<div class=\"elementor-element elementor-element-a3a433c e-con-full e-flex e-con e-child\" data-id=\"a3a433c\" data-element_type=\"container\">\n\t\t\t\t<div class=\"elementor-element elementor-element-c4b317f elementor-widget elementor-widget-heading\" data-id=\"c4b317f\" data-element_type=\"widget\" data-widget_type=\"heading.default\">\n\t\t\t\t\t<h2 class=\"elementor-heading-title elementor-size-default\">Pol\u00edtica de privacidad<\/h2>\t\t\t\t<\/div>\n\t\t\t\t<div class=\"elementor-element elementor-element-e7a8da9 elementor-widget elementor-widget-text-editor\" data-id=\"e7a8da9\" data-element_type=\"widget\" data-widget_type=\"text-editor.default\">\n\t\t\t\t\t\t\t\t\t<h4><b>1. Datos Recopilados<\/b><\/h4><p class=\"p3\">PayBills podr\u00e1 recopilar:<\/p><ul><li><p class=\"p1\">Nombre o raz\u00f3n social<\/p><\/li><li><p class=\"p1\">RUC \/ identificaci\u00f3n<\/p><\/li><li><p class=\"p1\">Direcci\u00f3n<\/p><\/li><li><p class=\"p1\">Correo electr\u00f3nico<\/p><\/li><li><p class=\"p1\">Tel\u00e9fono<\/p><\/li><li><p class=\"p1\">Informaci\u00f3n tributaria<\/p><\/li><li><p class=\"p1\">Informaci\u00f3n contable<\/p><\/li><li><p class=\"p1\">Datos de facturaci\u00f3n<\/p><\/li><li><p class=\"p1\">Informaci\u00f3n de pago (procesada por terceros)<\/p><\/li><\/ul><h4><b>2. Finalidad del Tratamiento<\/b><\/h4><p class=\"p3\">Los datos se utilizan para:<\/p><ul><li><p class=\"p1\">Crear y administrar cuentas<\/p><\/li><li><p class=\"p1\">Emitir comprobantes electr\u00f3nicos<\/p><\/li><li><p class=\"p1\">Cumplir obligaciones legales<\/p><\/li><li><p class=\"p1\">Procesar pagos<\/p><\/li><li><p class=\"p1\">Brindar soporte t\u00e9cnico<\/p><\/li><li><p class=\"p1\">Mejorar el servicio<\/p><\/li><\/ul><h4><b>3. Seguridad<\/b><\/h4><p class=\"p3\">PayBills implementa medidas t\u00e9cnicas y organizativas para proteger la informaci\u00f3n.<\/p><p class=\"p3\">Sin embargo, ning\u00fan sistema en internet es completamente invulnerable.<\/p><h4><b>4. Derechos del Titular<\/b><\/h4><p class=\"p3\">El usuario podr\u00e1 ejercer sus derechos de:<\/p><ul><li><p class=\"p1\">Acceso<\/p><\/li><li><p class=\"p1\">Rectificaci\u00f3n<\/p><\/li><li><p class=\"p1\">Eliminaci\u00f3n<\/p><\/li><li><p class=\"p1\">Portabilidad<\/p><\/li><li><p class=\"p1\">Oposici\u00f3n<\/p><\/li><\/ul><p class=\"p3\">mediante solicitud formal al correo: soporte@paybills.com<\/p><h4><b>5. Transferencia de Datos<\/b><\/h4><p class=\"p3\">Podr\u00e1n compartirse datos con:<\/p><ul><li><p class=\"p1\">Proveedores tecnol\u00f3gicos<\/p><\/li><li><p class=\"p1\">Pasarelas de pago<\/p><\/li><li><p class=\"p1\">Autoridades competentes cuando la ley lo exija<\/p><\/li><\/ul>\t\t\t\t\t\t\t\t<\/div>\n\t\t\t\t<\/div>\n\t\t\t\t\t<\/div>\n\t\t\t\t<\/div>\n\t\t<div class=\"elementor-element elementor-element-3d95628 elementor-hidden-desktop elementor-hidden-tablet e-flex e-con-boxed e-con e-parent\" data-id=\"3d95628\" data-element_type=\"container\" data-settings=\"{&quot;background_background&quot;:&quot;classic&quot;}\">\n\t\t\t\t\t<div class=\"e-con-inner\">\n\t\t<div class=\"elementor-element elementor-element-6dcb562 e-con-full e-flex e-con e-child\" data-id=\"6dcb562\" data-element_type=\"container\">\n\t\t\t\t<div class=\"elementor-element elementor-element-f8db222 elementor-widget elementor-widget-heading\" data-id=\"f8db222\" data-element_type=\"widget\" data-widget_type=\"heading.default\">\n\t\t\t\t\t<h2 class=\"elementor-heading-title elementor-size-default\">Pol\u00edtica de privacidad<\/h2>\t\t\t\t<\/div>\n\t\t\t\t<div class=\"elementor-element elementor-element-ae60aa1 elementor-widget elementor-widget-text-editor\" data-id=\"ae60aa1\" data-element_type=\"widget\" data-widget_type=\"text-editor.default\">\n\t\t\t\t\t\t\t\t\t<h4><b>1. Datos Recopilados<\/b><\/h4><p class=\"p3\">PayBills podr\u00e1 recopilar:<\/p><ul><li><p class=\"p1\">Nombre o raz\u00f3n social<\/p><\/li><li><p class=\"p1\">RUC \/ identificaci\u00f3n<\/p><\/li><li><p class=\"p1\">Direcci\u00f3n<\/p><\/li><li><p class=\"p1\">Correo electr\u00f3nico<\/p><\/li><li><p class=\"p1\">Tel\u00e9fono<\/p><\/li><li><p class=\"p1\">Informaci\u00f3n tributaria<\/p><\/li><li><p class=\"p1\">Informaci\u00f3n contable<\/p><\/li><li><p class=\"p1\">Datos de facturaci\u00f3n<\/p><\/li><li><p class=\"p1\">Informaci\u00f3n de pago (procesada por terceros)<\/p><\/li><\/ul><h4><b>2. Finalidad del Tratamiento<\/b><\/h4><p class=\"p3\">Los datos se utilizan para:<\/p><ul><li><p class=\"p1\">Crear y administrar cuentas<\/p><\/li><li><p class=\"p1\">Emitir comprobantes electr\u00f3nicos<\/p><\/li><li><p class=\"p1\">Cumplir obligaciones legales<\/p><\/li><li><p class=\"p1\">Procesar pagos<\/p><\/li><li><p class=\"p1\">Brindar soporte t\u00e9cnico<\/p><\/li><li><p class=\"p1\">Mejorar el servicio<\/p><\/li><\/ul><h4><b>3. Seguridad<\/b><\/h4><p class=\"p3\">PayBills implementa medidas t\u00e9cnicas y organizativas para proteger la informaci\u00f3n.<\/p><p class=\"p3\">Sin embargo, ning\u00fan sistema en internet es completamente invulnerable.<\/p><h4><b>4. Derechos del Titular<\/b><\/h4><p class=\"p3\">El usuario podr\u00e1 ejercer sus derechos de:<\/p><ul><li><p class=\"p1\">Acceso<\/p><\/li><li><p class=\"p1\">Rectificaci\u00f3n<\/p><\/li><li><p class=\"p1\">Eliminaci\u00f3n<\/p><\/li><li><p class=\"p1\">Portabilidad<\/p><\/li><li><p class=\"p1\">Oposici\u00f3n<\/p><\/li><\/ul><p class=\"p3\">mediante solicitud formal al correo: soporte@paybills.com<\/p><h4><b>5. Transferencia de Datos<\/b><\/h4><p class=\"p3\">Podr\u00e1n compartirse datos con:<\/p><ul><li><p class=\"p1\">Proveedores tecnol\u00f3gicos<\/p><\/li><li><p class=\"p1\">Pasarelas de pago<\/p><\/li><li><p class=\"p1\">Autoridades competentes cuando la ley lo exija<\/p><\/li><\/ul>\t\t\t\t\t\t\t\t<\/div>\n\t\t\t\t<\/div>\n\t\t\t\t\t<\/div>\n\t\t\t\t<\/div>\n\t\t\t\t<\/div>\n\t\t","protected":false},"excerpt":{"rendered":"<p>POL\u00cdTICAS PAYBILLS Transparencia y seguridad Estas son las pol\u00edticas que rigen el uso de PayBills y c\u00f3mo cuidamos tu informaci\u00f3n. POL\u00cdTICAS PAYBILSS Transparencia y seguridad Estas son las pol\u00edticas que rigen el uso de PayBills y c\u00f3mo cuidamos tu informaci\u00f3n. Pol\u00edtica de privacidad 1. Datos Recopilados PayBills podr\u00e1 recopilar: Nombre o raz\u00f3n social RUC \/ [&hellip;]<\/p>\n","protected":false},"author":3,"featured_media":0,"parent":0,"menu_order":0,"comment_status":"closed","ping_status":"closed","template":"elementor_header_footer","meta":{"footnotes":""},"class_list":["post-1138","page","type-page","status-publish","hentry"],"yoast_head":"<!-- This site is optimized with the Yoast SEO plugin v26.6 - https:\/\/yoast.com\/wordpress\/plugins\/seo\/ -->\n<title>Pol\u00edtica de privacidad - PayBills Facturaci\u00f3n Electr\u00f3nica<\/title>\n<meta name=\"robots\" content=\"index, follow, max-snippet:-1, max-image-preview:large, max-video-preview:-1\" \/>\n<link rel=\"canonical\" href=\"https:\/\/web.paybills.ec\/?page_id=1138\" \/>\n<meta property=\"og:locale\" content=\"es_ES\" \/>\n<meta property=\"og:type\" content=\"article\" \/>\n<meta property=\"og:title\" content=\"Pol\u00edtica de privacidad - PayBills Facturaci\u00f3n Electr\u00f3nica\" \/>\n<meta property=\"og:description\" content=\"POL\u00cdTICAS PAYBILLS Transparencia y seguridad Estas son las pol\u00edticas que rigen el uso de PayBills y c\u00f3mo cuidamos tu informaci\u00f3n. POL\u00cdTICAS PAYBILSS Transparencia y seguridad Estas son las pol\u00edticas que rigen el uso de PayBills y c\u00f3mo cuidamos tu informaci\u00f3n. Pol\u00edtica de privacidad 1. Datos Recopilados PayBills podr\u00e1 recopilar: Nombre o raz\u00f3n social RUC \/ [&hellip;]\" \/>\n<meta property=\"og:url\" content=\"https:\/\/web.paybills.ec\/?page_id=1138\" \/>\n<meta property=\"og:site_name\" content=\"PayBills Facturaci\u00f3n Electr\u00f3nica\" \/>\n<meta property=\"article:modified_time\" content=\"2026-02-25T18:53:53+00:00\" \/>\n<meta name=\"twitter:card\" content=\"summary_large_image\" \/>\n<meta name=\"twitter:label1\" content=\"Tiempo de lectura\" \/>\n\t<meta name=\"twitter:data1\" content=\"2 minutos\" \/>\n<script type=\"application\/ld+json\" class=\"yoast-schema-graph\">{\"@context\":\"https:\/\/schema.org\",\"@graph\":[{\"@type\":\"WebPage\",\"@id\":\"https:\/\/web.paybills.ec\/?page_id=1138\",\"url\":\"https:\/\/web.paybills.ec\/?page_id=1138\",\"name\":\"Pol\u00edtica de privacidad - PayBills Facturaci\u00f3n Electr\u00f3nica\",\"isPartOf\":{\"@id\":\"https:\/\/web.paybills.ec\/#website\"},\"datePublished\":\"2026-02-25T18:29:59+00:00\",\"dateModified\":\"2026-02-25T18:53:53+00:00\",\"breadcrumb\":{\"@id\":\"https:\/\/web.paybills.ec\/?page_id=1138#breadcrumb\"},\"inLanguage\":\"es\",\"potentialAction\":[{\"@type\":\"ReadAction\",\"target\":[\"https:\/\/web.paybills.ec\/?page_id=1138\"]}]},{\"@type\":\"BreadcrumbList\",\"@id\":\"https:\/\/web.paybills.ec\/?page_id=1138#breadcrumb\",\"itemListElement\":[{\"@type\":\"ListItem\",\"position\":1,\"name\":\"Portada\",\"item\":\"https:\/\/web.paybills.ec\/\"},{\"@type\":\"ListItem\",\"position\":2,\"name\":\"Pol\u00edtica de privacidad\"}]},{\"@type\":\"WebSite\",\"@id\":\"https:\/\/web.paybills.ec\/#website\",\"url\":\"https:\/\/web.paybills.ec\/\",\"name\":\"PayBills Facturaci\u00f3n Electr\u00f3nica\",\"description\":\"PayBills es la plataforma digital definitiva para simplificar y profesionalizar la gesti\u00f3n de tus cobros. Olv\u00eddate de la complejidad: Factura simple y cobra r\u00e1pido, garantizando siempre la m\u00e1xima confianza.\",\"publisher\":{\"@id\":\"https:\/\/web.paybills.ec\/#organization\"},\"potentialAction\":[{\"@type\":\"SearchAction\",\"target\":{\"@type\":\"EntryPoint\",\"urlTemplate\":\"https:\/\/web.paybills.ec\/?s={search_term_string}\"},\"query-input\":{\"@type\":\"PropertyValueSpecification\",\"valueRequired\":true,\"valueName\":\"search_term_string\"}}],\"inLanguage\":\"es\"},{\"@type\":\"Organization\",\"@id\":\"https:\/\/web.paybills.ec\/#organization\",\"name\":\"PayBills Facturaci\u00f3n Electr\u00f3nica\",\"url\":\"https:\/\/web.paybills.ec\/\",\"logo\":{\"@type\":\"ImageObject\",\"inLanguage\":\"es\",\"@id\":\"https:\/\/web.paybills.ec\/#\/schema\/logo\/image\/\",\"url\":\"https:\/\/web.paybills.ec\/wp-content\/uploads\/2025\/12\/LOGO-F.svg\",\"contentUrl\":\"https:\/\/web.paybills.ec\/wp-content\/uploads\/2025\/12\/LOGO-F.svg\",\"width\":350,\"height\":96,\"caption\":\"PayBills Facturaci\u00f3n Electr\u00f3nica\"},\"image\":{\"@id\":\"https:\/\/web.paybills.ec\/#\/schema\/logo\/image\/\"}}]}<\/script>\n<!-- \/ Yoast SEO plugin. -->","yoast_head_json":{"title":"Pol\u00edtica de privacidad - PayBills Facturaci\u00f3n Electr\u00f3nica","robots":{"index":"index","follow":"follow","max-snippet":"max-snippet:-1","max-image-preview":"max-image-preview:large","max-video-preview":"max-video-preview:-1"},"canonical":"https:\/\/web.paybills.ec\/?page_id=1138","og_locale":"es_ES","og_type":"article","og_title":"Pol\u00edtica de privacidad - PayBills Facturaci\u00f3n Electr\u00f3nica","og_description":"POL\u00cdTICAS PAYBILLS Transparencia y seguridad Estas son las pol\u00edticas que rigen el uso de PayBills y c\u00f3mo cuidamos tu informaci\u00f3n. POL\u00cdTICAS PAYBILSS Transparencia y seguridad Estas son las pol\u00edticas que rigen el uso de PayBills y c\u00f3mo cuidamos tu informaci\u00f3n. Pol\u00edtica de privacidad 1. Datos Recopilados PayBills podr\u00e1 recopilar: Nombre o raz\u00f3n social RUC \/ [&hellip;]","og_url":"https:\/\/web.paybills.ec\/?page_id=1138","og_site_name":"PayBills Facturaci\u00f3n Electr\u00f3nica","article_modified_time":"2026-02-25T18:53:53+00:00","twitter_card":"summary_large_image","twitter_misc":{"Tiempo de lectura":"2 minutos"},"schema":{"@context":"https:\/\/schema.org","@graph":[{"@type":"WebPage","@id":"https:\/\/web.paybills.ec\/?page_id=1138","url":"https:\/\/web.paybills.ec\/?page_id=1138","name":"Pol\u00edtica de privacidad - PayBills Facturaci\u00f3n Electr\u00f3nica","isPartOf":{"@id":"https:\/\/web.paybills.ec\/#website"},"datePublished":"2026-02-25T18:29:59+00:00","dateModified":"2026-02-25T18:53:53+00:00","breadcrumb":{"@id":"https:\/\/web.paybills.ec\/?page_id=1138#breadcrumb"},"inLanguage":"es","potentialAction":[{"@type":"ReadAction","target":["https:\/\/web.paybills.ec\/?page_id=1138"]}]},{"@type":"BreadcrumbList","@id":"https:\/\/web.paybills.ec\/?page_id=1138#breadcrumb","itemListElement":[{"@type":"ListItem","position":1,"name":"Portada","item":"https:\/\/web.paybills.ec\/"},{"@type":"ListItem","position":2,"name":"Pol\u00edtica de privacidad"}]},{"@type":"WebSite","@id":"https:\/\/web.paybills.ec\/#website","url":"https:\/\/web.paybills.ec\/","name":"PayBills Facturaci\u00f3n Electr\u00f3nica","description":"PayBills es la plataforma digital definitiva para simplificar y profesionalizar la gesti\u00f3n de tus cobros. Olv\u00eddate de la complejidad: Factura simple y cobra r\u00e1pido, garantizando siempre la m\u00e1xima confianza.","publisher":{"@id":"https:\/\/web.paybills.ec\/#organization"},"potentialAction":[{"@type":"SearchAction","target":{"@type":"EntryPoint","urlTemplate":"https:\/\/web.paybills.ec\/?s={search_term_string}"},"query-input":{"@type":"PropertyValueSpecification","valueRequired":true,"valueName":"search_term_string"}}],"inLanguage":"es"},{"@type":"Organization","@id":"https:\/\/web.paybills.ec\/#organization","name":"PayBills Facturaci\u00f3n Electr\u00f3nica","url":"https:\/\/web.paybills.ec\/","logo":{"@type":"ImageObject","inLanguage":"es","@id":"https:\/\/web.paybills.ec\/#\/schema\/logo\/image\/","url":"https:\/\/web.paybills.ec\/wp-content\/uploads\/2025\/12\/LOGO-F.svg","contentUrl":"https:\/\/web.paybills.ec\/wp-content\/uploads\/2025\/12\/LOGO-F.svg","width":350,"height":96,"caption":"PayBills Facturaci\u00f3n Electr\u00f3nica"},"image":{"@id":"https:\/\/web.paybills.ec\/#\/schema\/logo\/image\/"}}]}},"_links":{"self":[{"href":"https:\/\/web.paybills.ec\/index.php?rest_route=\/wp\/v2\/pages\/1138","targetHints":{"allow":["GET"]}}],"collection":[{"href":"https:\/\/web.paybills.ec\/index.php?rest_route=\/wp\/v2\/pages"}],"about":[{"href":"https:\/\/web.paybills.ec\/index.php?rest_route=\/wp\/v2\/types\/page"}],"author":[{"embeddable":true,"href":"https:\/\/web.paybills.ec\/index.php?rest_route=\/wp\/v2\/users\/3"}],"replies":[{"embeddable":true,"href":"https:\/\/web.paybills.ec\/index.php?rest_route=%2Fwp%2Fv2%2Fcomments&post=1138"}],"version-history":[{"count":7,"href":"https:\/\/web.paybills.ec\/index.php?rest_route=\/wp\/v2\/pages\/1138\/revisions"}],"predecessor-version":[{"id":1168,"href":"https:\/\/web.paybills.ec\/index.php?rest_route=\/wp\/v2\/pages\/1138\/revisions\/1168"}],"wp:attachment":[{"href":"https:\/\/web.paybills.ec\/index.php?rest_route=%2Fwp%2Fv2%2Fmedia&parent=1138"}],"curies":[{"name":"wp","href":"https:\/\/api.w.org\/{rel}","templated":true}]}}